{"id":2824,"date":"2022-03-21T16:33:05","date_gmt":"2022-03-21T15:33:05","guid":{"rendered":"http:\/\/building-drainage.com\/haftungsvereinbarungen\/"},"modified":"2024-05-02T12:26:45","modified_gmt":"2024-05-02T10:26:45","slug":"haftungsvereinbarungen","status":"publish","type":"page","link":"https:\/\/www.building-drainage.com\/de\/services\/haftungsvereinbarungen\/","title":{"rendered":"Haftungsvereinbarungen"},"content":{"rendered":"\t\t<div data-elementor-type=\"wp-page\" data-elementor-id=\"2824\" class=\"elementor elementor-2824 elementor-201\" data-elementor-post-type=\"page\">\n\t\t\t\t\t\t<section class=\"elementor-section elementor-top-section elementor-element elementor-element-f9f2ffb elementor-section-full_width elementor-section-height-default elementor-section-height-default\" data-id=\"f9f2ffb\" data-element_type=\"section\" data-e-type=\"section\">\n\t\t\t\t\t\t<div class=\"elementor-container elementor-column-gap-no\">\n\t\t\t\t\t<div class=\"elementor-column elementor-col-100 elementor-top-column elementor-element elementor-element-9a436ff\" data-id=\"9a436ff\" data-element_type=\"column\" data-e-type=\"column\">\n\t\t\t<div class=\"elementor-widget-wrap elementor-element-populated\">\n\t\t\t\t\t\t<div class=\"elementor-element elementor-element-ef93571 elementor-widget elementor-widget-template\" data-id=\"ef93571\" data-element_type=\"widget\" data-e-type=\"widget\" data-settings=\"{&quot;ekit_we_effect_on&quot;:&quot;none&quot;}\" data-widget_type=\"template.default\">\n\t\t\t\t<div class=\"elementor-widget-container\">\n\t\t\t\t\t\t\t<div class=\"elementor-template\">\n\t\t\t\t\t<div data-elementor-type=\"section\" data-elementor-id=\"1397\" class=\"elementor elementor-1397\" data-elementor-post-type=\"elementor_library\">\n\t\t\t<div class=\"elementor-element elementor-element-20591e5 e-flex e-con-boxed e-con e-parent\" data-id=\"20591e5\" data-element_type=\"container\" data-e-type=\"container\" data-settings=\"{&quot;background_background&quot;:&quot;classic&quot;}\">\n\t\t\t\t\t<div class=\"e-con-inner\">\n\t\t\t\t<div class=\"elementor-element elementor-element-48dc1f2 elementor-widget elementor-widget-template\" data-id=\"48dc1f2\" data-element_type=\"widget\" data-e-type=\"widget\" data-settings=\"{&quot;ekit_we_effect_on&quot;:&quot;none&quot;}\" data-widget_type=\"template.default\">\n\t\t\t\t<div class=\"elementor-widget-container\">\n\t\t\t\t\t\t\t<div class=\"elementor-template\">\n\t\t\t\t\t<div data-elementor-type=\"section\" data-elementor-id=\"345\" class=\"elementor elementor-345\" data-elementor-post-type=\"elementor_library\">\n\t\t\t\t\t<section class=\"elementor-section elementor-top-section elementor-element elementor-element-f2ec7e5 elementor-section-boxed elementor-section-height-default elementor-section-height-default\" data-id=\"f2ec7e5\" data-element_type=\"section\" data-e-type=\"section\">\n\t\t\t\t\t\t<div class=\"elementor-container elementor-column-gap-no\">\n\t\t\t\t\t<div class=\"elementor-column elementor-col-100 elementor-top-column elementor-element elementor-element-c240f21\" data-id=\"c240f21\" data-element_type=\"column\" data-e-type=\"column\">\n\t\t\t<div class=\"elementor-widget-wrap elementor-element-populated\">\n\t\t\t\t\t\t<div class=\"elementor-element elementor-element-a4b8cd5 elementor-align-center elementor-widget elementor-widget-breadcrumbs\" data-id=\"a4b8cd5\" data-element_type=\"widget\" data-e-type=\"widget\" data-settings=\"{&quot;ekit_we_effect_on&quot;:&quot;none&quot;}\" data-widget_type=\"breadcrumbs.default\">\n\t\t\t\t\t<p id=\"breadcrumbs\"><span><span><a href=\"https:\/\/www.building-drainage.com\/de\/\">Startseite<\/a><\/span><\/span><\/p>\t\t\t\t<\/div>\n\t\t\t\t\t<\/div>\n\t\t<\/div>\n\t\t\t\t\t<\/div>\n\t\t<\/section>\n\t\t\t\t<\/div>\n\t\t\t\t<\/div>\n\t\t\t\t\t\t<\/div>\n\t\t\t\t<\/div>\n\t\t\t\t<div class=\"elementor-element elementor-element-814872a elementor-widget-divider--view-line elementor-widget elementor-widget-divider\" data-id=\"814872a\" data-element_type=\"widget\" data-e-type=\"widget\" data-settings=\"{&quot;ekit_we_effect_on&quot;:&quot;none&quot;}\" data-widget_type=\"divider.default\">\n\t\t\t\t\t\t\t<div class=\"elementor-divider\">\n\t\t\t<span class=\"elementor-divider-separator\">\n\t\t\t\t\t\t<\/span>\n\t\t<\/div>\n\t\t\t\t\t\t<\/div>\n\t\t\t\t\t<\/div>\n\t\t\t\t<\/div>\n\t\t\t\t<\/div>\n\t\t\t\t<\/div>\n\t\t\t\t\t\t<\/div>\n\t\t\t\t<\/div>\n\t\t\t\t\t<\/div>\n\t\t<\/div>\n\t\t\t\t\t<\/div>\n\t\t<\/section>\n\t\t\t\t<section class=\"elementor-section elementor-top-section elementor-element elementor-element-87c2e1f elementor-reverse-tablet elementor-section-boxed elementor-section-height-default elementor-section-height-default\" data-id=\"87c2e1f\" data-element_type=\"section\" data-e-type=\"section\">\n\t\t\t\t\t\t<div class=\"elementor-container elementor-column-gap-default\">\n\t\t\t\t\t<div class=\"elementor-column elementor-col-100 elementor-top-column elementor-element elementor-element-b255c55\" data-id=\"b255c55\" data-element_type=\"column\" data-e-type=\"column\">\n\t\t\t<div class=\"elementor-widget-wrap elementor-element-populated\">\n\t\t\t\t\t\t<div class=\"elementor-element elementor-element-934bca0 elementor-widget elementor-widget-text-editor\" data-id=\"934bca0\" data-element_type=\"widget\" data-e-type=\"widget\" data-settings=\"{&quot;ekit_we_effect_on&quot;:&quot;none&quot;}\" data-widget_type=\"text-editor.default\">\n\t\t\t\t\t\t\t\t\t<h3><strong>Haftungs\u00fcbernahmevereinbarung mit dem ZVSHK<\/strong><\/h3>\r\n<strong> <\/p> Die Haftungs\u00fcbernahmevereinbarung, welche PREIS mit dem ZVSHK \u2013 Zentralverband Sanit\u00e4r<\/strong>\r\n<strong>Heizung Klima &#8211; getroffen hat, garantiert den SHK-Betrieben in Deutschland mehr Sicherheit und<\/strong>\r\n\r\n<strong>Partnerschaft in Schadensf\u00e4llen.<\/strong>\r\n\r\nBei Nichterf\u00fcllung der Bedingungen aus dieser Vereinbarung, den entstandenen Sch\u00e4den sowie\r\n\r\nunmittelbaren Folgesch\u00e4den erstreckt sich die Haftung bis zu einer H\u00f6chstsumme von 1,2 MIO \u20ac je\r\n\r\nSchadenereignis.\r\n\r\nUnter diese Vereinbarung fallen alle von PREIS gelieferten Produkte\r\n<ul><\/p>\r\n \t<li><strong> FP PREIS<sup>\u00ae<\/sup> SML Rohre<\/strong><\/li>\r\n \t<li><strong> FP PREIS<sup>\u00ae<\/sup> SML Formst\u00fccke<\/strong><\/li>\r\n \t<li><strong> FP PREIS<sup>\u00ae<\/sup> Verbinder und Krallen<\/strong><\/li>\r\n<\/ul><\/p>\r\nWeitere Informationen finden Sie unter: <a href=\"http:\/\/www.wasserwaermeluft.de\" target=\"_blank\" rel=\"noopener\">www.wasserwaermeluft.de<\/a>\t\t\t\t\t\t\t\t<\/div>\n\t\t\t\t<div class=\"elementor-element elementor-element-b4b9d5b elementor-widget elementor-widget-image\" data-id=\"b4b9d5b\" data-element_type=\"widget\" data-e-type=\"widget\" data-settings=\"{&quot;ekit_we_effect_on&quot;:&quot;none&quot;}\" data-widget_type=\"image.default\">\n\t\t\t\t\t\t\t\t\t\t\t\t\t\t\t<img fetchpriority=\"high\" decoding=\"async\" width=\"300\" height=\"296\" src=\"https:\/\/www.building-drainage.com\/wp-content\/uploads\/2022\/04\/SHK-logo-300x296.jpg\" class=\"attachment-medium size-medium wp-image-3938\" alt=\"SHK logo\" srcset=\"https:\/\/www.building-drainage.com\/wp-content\/uploads\/2022\/04\/SHK-logo-300x296.jpg 300w, https:\/\/www.building-drainage.com\/wp-content\/uploads\/2022\/04\/SHK-logo.jpg 311w\" sizes=\"(max-width: 300px) 100vw, 300px\" \/>\t\t\t\t\t\t\t\t\t\t\t\t\t\t\t<\/div>\n\t\t\t\t\t<\/div>\n\t\t<\/div>\n\t\t\t\t\t<\/div>\n\t\t<\/section>\n\t\t\t\t<\/div>\n\t\t","protected":false},"excerpt":{"rendered":"<p>Haftungs\u00fcbernahmevereinbarung mit dem ZVSHK Die Haftungs\u00fcbernahmevereinbarung, welche PREIS mit dem ZVSHK \u2013 Zentralverband Sanit\u00e4r Heizung Klima &#8211; getroffen hat, garantiert den SHK-Betrieben in Deutschland mehr Sicherheit und Partnerschaft in Schadensf\u00e4llen. Bei Nichterf\u00fcllung der Bedingungen aus dieser Vereinbarung, den entstandenen Sch\u00e4den sowie unmittelbaren Folgesch\u00e4den erstreckt sich die Haftung bis zu einer H\u00f6chstsumme von 1,2 MIO \u20ac [&hellip;]<\/p>\n","protected":false},"author":3,"featured_media":0,"parent":2833,"menu_order":180,"comment_status":"closed","ping_status":"closed","template":"elementor_header_footer","meta":{"footnotes":""},"class_list":["post-2824","page","type-page","status-publish","hentry"],"yoast_head":"<!-- This site is optimized with the Yoast SEO plugin v27.3 - https:\/\/yoast.com\/product\/yoast-seo-wordpress\/ -->\n<title>Haftungsvereinbarungen - PREIS Group Drainage Systems<\/title>\n<meta name=\"robots\" content=\"index, follow, max-snippet:-1, max-image-preview:large, max-video-preview:-1\" \/>\n<link rel=\"canonical\" href=\"https:\/\/www.building-drainage.com\/de\/services\/haftungsvereinbarungen\/\" \/>\n<meta property=\"og:locale\" content=\"de_DE\" \/>\n<meta property=\"og:type\" content=\"article\" \/>\n<meta property=\"og:title\" content=\"Haftungsvereinbarungen - PREIS Group Drainage Systems\" \/>\n<meta property=\"og:description\" content=\"Haftungs\u00fcbernahmevereinbarung mit dem ZVSHK Die Haftungs\u00fcbernahmevereinbarung, welche PREIS mit dem ZVSHK \u2013 Zentralverband Sanit\u00e4r Heizung Klima &#8211; getroffen hat, garantiert den SHK-Betrieben in Deutschland mehr Sicherheit und Partnerschaft in Schadensf\u00e4llen. Bei Nichterf\u00fcllung der Bedingungen aus dieser Vereinbarung, den entstandenen Sch\u00e4den sowie unmittelbaren Folgesch\u00e4den erstreckt sich die Haftung bis zu einer H\u00f6chstsumme von 1,2 MIO \u20ac [&hellip;]\" \/>\n<meta property=\"og:url\" content=\"https:\/\/www.building-drainage.com\/de\/services\/haftungsvereinbarungen\/\" \/>\n<meta property=\"og:site_name\" content=\"PREIS Group Drainage Systems\" \/>\n<meta property=\"article:modified_time\" content=\"2024-05-02T10:26:45+00:00\" \/>\n<meta property=\"og:image\" content=\"https:\/\/www.building-drainage.com\/wp-content\/uploads\/2022\/04\/SHK-logo-300x296.jpg\" \/>\n<meta name=\"twitter:card\" content=\"summary_large_image\" \/>\n<meta name=\"twitter:label1\" content=\"Gesch\u00e4tzte Lesezeit\" \/>\n\t<meta name=\"twitter:data1\" content=\"1\u00a0Minute\" \/>\n<script type=\"application\/ld+json\" class=\"yoast-schema-graph\">{\"@context\":\"https:\\\/\\\/schema.org\",\"@graph\":[{\"@type\":\"WebPage\",\"@id\":\"https:\\\/\\\/www.building-drainage.com\\\/de\\\/services\\\/haftungsvereinbarungen\\\/\",\"url\":\"https:\\\/\\\/www.building-drainage.com\\\/de\\\/services\\\/haftungsvereinbarungen\\\/\",\"name\":\"Haftungsvereinbarungen - PREIS Group Drainage Systems\",\"isPartOf\":{\"@id\":\"https:\\\/\\\/www.building-drainage.com\\\/de\\\/#website\"},\"primaryImageOfPage\":{\"@id\":\"https:\\\/\\\/www.building-drainage.com\\\/de\\\/services\\\/haftungsvereinbarungen\\\/#primaryimage\"},\"image\":{\"@id\":\"https:\\\/\\\/www.building-drainage.com\\\/de\\\/services\\\/haftungsvereinbarungen\\\/#primaryimage\"},\"thumbnailUrl\":\"https:\\\/\\\/www.building-drainage.com\\\/wp-content\\\/uploads\\\/2022\\\/04\\\/SHK-logo-300x296.jpg\",\"datePublished\":\"2022-03-21T15:33:05+00:00\",\"dateModified\":\"2024-05-02T10:26:45+00:00\",\"breadcrumb\":{\"@id\":\"https:\\\/\\\/www.building-drainage.com\\\/de\\\/services\\\/haftungsvereinbarungen\\\/#breadcrumb\"},\"inLanguage\":\"de\",\"potentialAction\":[{\"@type\":\"ReadAction\",\"target\":[\"https:\\\/\\\/www.building-drainage.com\\\/de\\\/services\\\/haftungsvereinbarungen\\\/\"]}]},{\"@type\":\"ImageObject\",\"inLanguage\":\"de\",\"@id\":\"https:\\\/\\\/www.building-drainage.com\\\/de\\\/services\\\/haftungsvereinbarungen\\\/#primaryimage\",\"url\":\"https:\\\/\\\/www.building-drainage.com\\\/wp-content\\\/uploads\\\/2022\\\/04\\\/SHK-logo-300x296.jpg\",\"contentUrl\":\"https:\\\/\\\/www.building-drainage.com\\\/wp-content\\\/uploads\\\/2022\\\/04\\\/SHK-logo-300x296.jpg\"},{\"@type\":\"BreadcrumbList\",\"@id\":\"https:\\\/\\\/www.building-drainage.com\\\/de\\\/services\\\/haftungsvereinbarungen\\\/#breadcrumb\",\"itemListElement\":[{\"@type\":\"ListItem\",\"position\":1,\"name\":\"Startseite\",\"item\":\"https:\\\/\\\/www.building-drainage.com\\\/de\\\/\"},{\"@type\":\"ListItem\",\"position\":2,\"name\":\"Services\",\"item\":\"https:\\\/\\\/www.building-drainage.com\\\/de\\\/services\\\/\"},{\"@type\":\"ListItem\",\"position\":3,\"name\":\"Haftungsvereinbarungen\"}]},{\"@type\":\"WebSite\",\"@id\":\"https:\\\/\\\/www.building-drainage.com\\\/de\\\/#website\",\"url\":\"https:\\\/\\\/www.building-drainage.com\\\/de\\\/\",\"name\":\"PREIS Group Drainage Systems\",\"description\":\"Cast iron Drainage by professionals\",\"publisher\":{\"@id\":\"https:\\\/\\\/www.building-drainage.com\\\/de\\\/#organization\"},\"potentialAction\":[{\"@type\":\"SearchAction\",\"target\":{\"@type\":\"EntryPoint\",\"urlTemplate\":\"https:\\\/\\\/www.building-drainage.com\\\/de\\\/?s={search_term_string}\"},\"query-input\":{\"@type\":\"PropertyValueSpecification\",\"valueRequired\":true,\"valueName\":\"search_term_string\"}}],\"inLanguage\":\"de\"},{\"@type\":\"Organization\",\"@id\":\"https:\\\/\\\/www.building-drainage.com\\\/de\\\/#organization\",\"name\":\"PREIS Group Drainage Systems\",\"url\":\"https:\\\/\\\/www.building-drainage.com\\\/de\\\/\",\"logo\":{\"@type\":\"ImageObject\",\"inLanguage\":\"de\",\"@id\":\"https:\\\/\\\/www.building-drainage.com\\\/de\\\/#\\\/schema\\\/logo\\\/image\\\/\",\"url\":\"https:\\\/\\\/www.building-drainage.com\\\/wp-content\\\/uploads\\\/2021\\\/09\\\/preis-ds-logo.png\",\"contentUrl\":\"https:\\\/\\\/www.building-drainage.com\\\/wp-content\\\/uploads\\\/2021\\\/09\\\/preis-ds-logo.png\",\"width\":500,\"height\":127,\"caption\":\"PREIS Group Drainage Systems\"},\"image\":{\"@id\":\"https:\\\/\\\/www.building-drainage.com\\\/de\\\/#\\\/schema\\\/logo\\\/image\\\/\"}}]}<\/script>\n<!-- \/ Yoast SEO plugin. -->","yoast_head_json":{"title":"Haftungsvereinbarungen - PREIS Group Drainage Systems","robots":{"index":"index","follow":"follow","max-snippet":"max-snippet:-1","max-image-preview":"max-image-preview:large","max-video-preview":"max-video-preview:-1"},"canonical":"https:\/\/www.building-drainage.com\/de\/services\/haftungsvereinbarungen\/","og_locale":"de_DE","og_type":"article","og_title":"Haftungsvereinbarungen - PREIS Group Drainage Systems","og_description":"Haftungs\u00fcbernahmevereinbarung mit dem ZVSHK Die Haftungs\u00fcbernahmevereinbarung, welche PREIS mit dem ZVSHK \u2013 Zentralverband Sanit\u00e4r Heizung Klima &#8211; getroffen hat, garantiert den SHK-Betrieben in Deutschland mehr Sicherheit und Partnerschaft in Schadensf\u00e4llen. Bei Nichterf\u00fcllung der Bedingungen aus dieser Vereinbarung, den entstandenen Sch\u00e4den sowie unmittelbaren Folgesch\u00e4den erstreckt sich die Haftung bis zu einer H\u00f6chstsumme von 1,2 MIO \u20ac [&hellip;]","og_url":"https:\/\/www.building-drainage.com\/de\/services\/haftungsvereinbarungen\/","og_site_name":"PREIS Group Drainage Systems","article_modified_time":"2024-05-02T10:26:45+00:00","og_image":[{"url":"https:\/\/www.building-drainage.com\/wp-content\/uploads\/2022\/04\/SHK-logo-300x296.jpg","type":"","width":"","height":""}],"twitter_card":"summary_large_image","twitter_misc":{"Gesch\u00e4tzte Lesezeit":"1\u00a0Minute"},"schema":{"@context":"https:\/\/schema.org","@graph":[{"@type":"WebPage","@id":"https:\/\/www.building-drainage.com\/de\/services\/haftungsvereinbarungen\/","url":"https:\/\/www.building-drainage.com\/de\/services\/haftungsvereinbarungen\/","name":"Haftungsvereinbarungen - PREIS Group Drainage Systems","isPartOf":{"@id":"https:\/\/www.building-drainage.com\/de\/#website"},"primaryImageOfPage":{"@id":"https:\/\/www.building-drainage.com\/de\/services\/haftungsvereinbarungen\/#primaryimage"},"image":{"@id":"https:\/\/www.building-drainage.com\/de\/services\/haftungsvereinbarungen\/#primaryimage"},"thumbnailUrl":"https:\/\/www.building-drainage.com\/wp-content\/uploads\/2022\/04\/SHK-logo-300x296.jpg","datePublished":"2022-03-21T15:33:05+00:00","dateModified":"2024-05-02T10:26:45+00:00","breadcrumb":{"@id":"https:\/\/www.building-drainage.com\/de\/services\/haftungsvereinbarungen\/#breadcrumb"},"inLanguage":"de","potentialAction":[{"@type":"ReadAction","target":["https:\/\/www.building-drainage.com\/de\/services\/haftungsvereinbarungen\/"]}]},{"@type":"ImageObject","inLanguage":"de","@id":"https:\/\/www.building-drainage.com\/de\/services\/haftungsvereinbarungen\/#primaryimage","url":"https:\/\/www.building-drainage.com\/wp-content\/uploads\/2022\/04\/SHK-logo-300x296.jpg","contentUrl":"https:\/\/www.building-drainage.com\/wp-content\/uploads\/2022\/04\/SHK-logo-300x296.jpg"},{"@type":"BreadcrumbList","@id":"https:\/\/www.building-drainage.com\/de\/services\/haftungsvereinbarungen\/#breadcrumb","itemListElement":[{"@type":"ListItem","position":1,"name":"Startseite","item":"https:\/\/www.building-drainage.com\/de\/"},{"@type":"ListItem","position":2,"name":"Services","item":"https:\/\/www.building-drainage.com\/de\/services\/"},{"@type":"ListItem","position":3,"name":"Haftungsvereinbarungen"}]},{"@type":"WebSite","@id":"https:\/\/www.building-drainage.com\/de\/#website","url":"https:\/\/www.building-drainage.com\/de\/","name":"PREIS Group Drainage Systems","description":"Cast iron Drainage by professionals","publisher":{"@id":"https:\/\/www.building-drainage.com\/de\/#organization"},"potentialAction":[{"@type":"SearchAction","target":{"@type":"EntryPoint","urlTemplate":"https:\/\/www.building-drainage.com\/de\/?s={search_term_string}"},"query-input":{"@type":"PropertyValueSpecification","valueRequired":true,"valueName":"search_term_string"}}],"inLanguage":"de"},{"@type":"Organization","@id":"https:\/\/www.building-drainage.com\/de\/#organization","name":"PREIS Group Drainage Systems","url":"https:\/\/www.building-drainage.com\/de\/","logo":{"@type":"ImageObject","inLanguage":"de","@id":"https:\/\/www.building-drainage.com\/de\/#\/schema\/logo\/image\/","url":"https:\/\/www.building-drainage.com\/wp-content\/uploads\/2021\/09\/preis-ds-logo.png","contentUrl":"https:\/\/www.building-drainage.com\/wp-content\/uploads\/2021\/09\/preis-ds-logo.png","width":500,"height":127,"caption":"PREIS Group Drainage Systems"},"image":{"@id":"https:\/\/www.building-drainage.com\/de\/#\/schema\/logo\/image\/"}}]}},"_links":{"self":[{"href":"https:\/\/www.building-drainage.com\/de\/wp-json\/wp\/v2\/pages\/2824","targetHints":{"allow":["GET"]}}],"collection":[{"href":"https:\/\/www.building-drainage.com\/de\/wp-json\/wp\/v2\/pages"}],"about":[{"href":"https:\/\/www.building-drainage.com\/de\/wp-json\/wp\/v2\/types\/page"}],"author":[{"embeddable":true,"href":"https:\/\/www.building-drainage.com\/de\/wp-json\/wp\/v2\/users\/3"}],"replies":[{"embeddable":true,"href":"https:\/\/www.building-drainage.com\/de\/wp-json\/wp\/v2\/comments?post=2824"}],"version-history":[{"count":47,"href":"https:\/\/www.building-drainage.com\/de\/wp-json\/wp\/v2\/pages\/2824\/revisions"}],"predecessor-version":[{"id":5923,"href":"https:\/\/www.building-drainage.com\/de\/wp-json\/wp\/v2\/pages\/2824\/revisions\/5923"}],"up":[{"embeddable":true,"href":"https:\/\/www.building-drainage.com\/de\/wp-json\/wp\/v2\/pages\/2833"}],"wp:attachment":[{"href":"https:\/\/www.building-drainage.com\/de\/wp-json\/wp\/v2\/media?parent=2824"}],"curies":[{"name":"wp","href":"https:\/\/api.w.org\/{rel}","templated":true}]}}