{"id":4538,"date":"2022-06-07T14:35:52","date_gmt":"2022-06-07T12:35:52","guid":{"rendered":"https:\/\/www.building-drainage.com\/?page_id=4538"},"modified":"2022-06-08T14:31:57","modified_gmt":"2022-06-08T12:31:57","slug":"planungsdaten","status":"publish","type":"page","link":"https:\/\/www.building-drainage.com\/de\/services\/planungsdaten\/","title":{"rendered":"Planungsdaten"},"content":{"rendered":"\t\t<div data-elementor-type=\"wp-page\" data-elementor-id=\"4538\" class=\"elementor elementor-4538\" data-elementor-post-type=\"page\">\n\t\t\t\t\t\t<section class=\"elementor-section elementor-top-section elementor-element elementor-element-e18dc81 elementor-section-full_width elementor-section-height-default elementor-section-height-default\" data-id=\"e18dc81\" data-element_type=\"section\" data-e-type=\"section\">\n\t\t\t\t\t\t<div class=\"elementor-container elementor-column-gap-no\">\n\t\t\t\t\t<div class=\"elementor-column elementor-col-100 elementor-top-column elementor-element elementor-element-68ea850\" data-id=\"68ea850\" data-element_type=\"column\" data-e-type=\"column\">\n\t\t\t<div class=\"elementor-widget-wrap elementor-element-populated\">\n\t\t\t\t\t\t<div class=\"elementor-element elementor-element-e0027ed elementor-widget elementor-widget-template\" data-id=\"e0027ed\" data-element_type=\"widget\" data-e-type=\"widget\" data-settings=\"{&quot;ekit_we_effect_on&quot;:&quot;none&quot;}\" data-widget_type=\"template.default\">\n\t\t\t\t<div class=\"elementor-widget-container\">\n\t\t\t\t\t\t\t<div class=\"elementor-template\">\n\t\t\t\t\t<div data-elementor-type=\"section\" data-elementor-id=\"1397\" class=\"elementor elementor-1397\" data-elementor-post-type=\"elementor_library\">\n\t\t\t<div class=\"elementor-element elementor-element-20591e5 e-flex e-con-boxed e-con e-parent\" data-id=\"20591e5\" data-element_type=\"container\" data-e-type=\"container\" data-settings=\"{&quot;background_background&quot;:&quot;classic&quot;}\">\n\t\t\t\t\t<div class=\"e-con-inner\">\n\t\t\t\t<div class=\"elementor-element elementor-element-48dc1f2 elementor-widget elementor-widget-template\" data-id=\"48dc1f2\" data-element_type=\"widget\" data-e-type=\"widget\" data-settings=\"{&quot;ekit_we_effect_on&quot;:&quot;none&quot;}\" data-widget_type=\"template.default\">\n\t\t\t\t<div class=\"elementor-widget-container\">\n\t\t\t\t\t\t\t<div class=\"elementor-template\">\n\t\t\t\t\t<div data-elementor-type=\"section\" data-elementor-id=\"345\" class=\"elementor elementor-345\" data-elementor-post-type=\"elementor_library\">\n\t\t\t\t\t<section class=\"elementor-section elementor-top-section elementor-element elementor-element-f2ec7e5 elementor-section-boxed elementor-section-height-default elementor-section-height-default\" data-id=\"f2ec7e5\" data-element_type=\"section\" data-e-type=\"section\">\n\t\t\t\t\t\t<div class=\"elementor-container elementor-column-gap-no\">\n\t\t\t\t\t<div class=\"elementor-column elementor-col-100 elementor-top-column elementor-element elementor-element-c240f21\" data-id=\"c240f21\" data-element_type=\"column\" data-e-type=\"column\">\n\t\t\t<div class=\"elementor-widget-wrap elementor-element-populated\">\n\t\t\t\t\t\t<div class=\"elementor-element elementor-element-a4b8cd5 elementor-align-center elementor-widget elementor-widget-breadcrumbs\" data-id=\"a4b8cd5\" data-element_type=\"widget\" data-e-type=\"widget\" data-settings=\"{&quot;ekit_we_effect_on&quot;:&quot;none&quot;}\" data-widget_type=\"breadcrumbs.default\">\n\t\t\t\t\t<p id=\"breadcrumbs\"><span><span><a href=\"https:\/\/www.building-drainage.com\/de\/\">Startseite<\/a><\/span><\/span><\/p>\t\t\t\t<\/div>\n\t\t\t\t\t<\/div>\n\t\t<\/div>\n\t\t\t\t\t<\/div>\n\t\t<\/section>\n\t\t\t\t<\/div>\n\t\t\t\t<\/div>\n\t\t\t\t\t\t<\/div>\n\t\t\t\t<\/div>\n\t\t\t\t<div class=\"elementor-element elementor-element-814872a elementor-widget-divider--view-line elementor-widget elementor-widget-divider\" data-id=\"814872a\" data-element_type=\"widget\" data-e-type=\"widget\" data-settings=\"{&quot;ekit_we_effect_on&quot;:&quot;none&quot;}\" data-widget_type=\"divider.default\">\n\t\t\t\t\t\t\t<div class=\"elementor-divider\">\n\t\t\t<span class=\"elementor-divider-separator\">\n\t\t\t\t\t\t<\/span>\n\t\t<\/div>\n\t\t\t\t\t\t<\/div>\n\t\t\t\t\t<\/div>\n\t\t\t\t<\/div>\n\t\t\t\t<\/div>\n\t\t\t\t<\/div>\n\t\t\t\t\t\t<\/div>\n\t\t\t\t<\/div>\n\t\t\t\t\t<\/div>\n\t\t<\/div>\n\t\t\t\t\t<\/div>\n\t\t<\/section>\n\t\t\t\t<section class=\"elementor-section elementor-top-section elementor-element elementor-element-a10d910 elementor-reverse-tablet elementor-section-boxed elementor-section-height-default elementor-section-height-default\" data-id=\"a10d910\" data-element_type=\"section\" data-e-type=\"section\">\n\t\t\t\t\t\t<div class=\"elementor-container elementor-column-gap-default\">\n\t\t\t\t\t<div class=\"elementor-column elementor-col-50 elementor-top-column elementor-element elementor-element-bbd2c3e\" data-id=\"bbd2c3e\" data-element_type=\"column\" data-e-type=\"column\">\n\t\t\t<div class=\"elementor-widget-wrap elementor-element-populated\">\n\t\t\t\t\t\t<div class=\"elementor-element elementor-element-15b5001 elementor-widget elementor-widget-image\" data-id=\"15b5001\" data-element_type=\"widget\" data-e-type=\"widget\" data-settings=\"{&quot;ekit_we_effect_on&quot;:&quot;none&quot;}\" data-widget_type=\"image.default\">\n\t\t\t\t\t\t\t\t\t\t\t\t\t\t\t<img fetchpriority=\"high\" decoding=\"async\" width=\"800\" height=\"532\" src=\"https:\/\/www.building-drainage.com\/wp-content\/uploads\/2022\/06\/ABK.jpg\" class=\"attachment-large size-large wp-image-4556\" alt=\"ABK\" srcset=\"https:\/\/www.building-drainage.com\/wp-content\/uploads\/2022\/06\/ABK.jpg 2000w, https:\/\/www.building-drainage.com\/wp-content\/uploads\/2022\/06\/ABK-300x200.jpg 300w, https:\/\/www.building-drainage.com\/wp-content\/uploads\/2022\/06\/ABK-768x511.jpg 768w\" sizes=\"(max-width: 800px) 100vw, 800px\" \/>\t\t\t\t\t\t\t\t\t\t\t\t\t\t\t<\/div>\n\t\t\t\t\t<\/div>\n\t\t<\/div>\n\t\t\t\t<div class=\"elementor-column elementor-col-50 elementor-top-column elementor-element elementor-element-e5668a9\" data-id=\"e5668a9\" data-element_type=\"column\" data-e-type=\"column\">\n\t\t\t<div class=\"elementor-widget-wrap elementor-element-populated\">\n\t\t\t\t\t\t<div class=\"elementor-element elementor-element-cdf7547 elementor-widget elementor-widget-heading\" data-id=\"cdf7547\" data-element_type=\"widget\" data-e-type=\"widget\" data-settings=\"{&quot;ekit_we_effect_on&quot;:&quot;none&quot;}\" data-widget_type=\"heading.default\">\n\t\t\t\t\t<h2 class=\"elementor-heading-title elementor-size-default\">Unser Datenpaket f\u00fcr Ihre Ausschreibung!<\/h2>\t\t\t\t<\/div>\n\t\t\t\t<div class=\"elementor-element elementor-element-a6773d1 elementor-widget-divider--view-line elementor-widget elementor-widget-divider\" data-id=\"a6773d1\" data-element_type=\"widget\" data-e-type=\"widget\" data-settings=\"{&quot;ekit_we_effect_on&quot;:&quot;none&quot;}\" data-widget_type=\"divider.default\">\n\t\t\t\t\t\t\t<div class=\"elementor-divider\">\n\t\t\t<span class=\"elementor-divider-separator\">\n\t\t\t\t\t\t<\/span>\n\t\t<\/div>\n\t\t\t\t\t\t<\/div>\n\t\t\t\t<div class=\"elementor-element elementor-element-afb2c98 elementor-widget elementor-widget-text-editor\" data-id=\"afb2c98\" data-element_type=\"widget\" data-e-type=\"widget\" data-settings=\"{&quot;ekit_we_effect_on&quot;:&quot;none&quot;}\" data-widget_type=\"text-editor.default\">\n\t\t\t\t\t\t\t\t\t<p>Die <b>ABK Bausoftware<\/b> umfasst praxisorientierte L\u00f6sungen f\u00fcr die Bereiche BIM, AVA, Projekt- und Kostenmanagement, Rechnungswesen sowie f\u00fcr die gesamte B\u00fcroorganisation und unterst\u00fctzt alle im Bauwesen beteiligten Akteure \u2013 von Bauherren und \u00f6ffentlichen Auftraggebern \u00fcber Planer und Bautechniker bis hin zu ausf\u00fchrenden Unternehmen.<\/p>\t\t\t\t\t\t\t\t<\/div>\n\t\t\t\t<div class=\"elementor-element elementor-element-3a65888 elementor-widget elementor-widget-heading\" data-id=\"3a65888\" data-element_type=\"widget\" data-e-type=\"widget\" data-settings=\"{&quot;ekit_we_effect_on&quot;:&quot;none&quot;}\" data-widget_type=\"heading.default\">\n\t\t\t\t\t<h3 class=\"elementor-heading-title elementor-size-default\"><a href=\"https:\/\/www.baudaten.info\/downloads\/ergaenzungs-leistungsbeschreibungen-im-oesterreichischen-industriestandard\/\" target=\"_blank\">Link zur Haustechnik (SML, KML)<br><\/a><\/h3>\t\t\t\t<\/div>\n\t\t\t\t<div class=\"elementor-element elementor-element-952445e elementor-widget elementor-widget-heading\" data-id=\"952445e\" data-element_type=\"widget\" data-e-type=\"widget\" data-settings=\"{&quot;ekit_we_effect_on&quot;:&quot;none&quot;}\" data-widget_type=\"heading.default\">\n\t\t\t\t\t<h3 class=\"elementor-heading-title elementor-size-default\"><a href=\"https:\/\/www.baudaten.info\/produkte\/standardisierte-leistungsbeschreibungen\/stlb-verkehr-und-infrastruktur-fsv\/\" target=\"_blank\">Link zur Infrastruktur (BML)<br><\/a><\/h3>\t\t\t\t<\/div>\n\t\t\t\t\t<\/div>\n\t\t<\/div>\n\t\t\t\t\t<\/div>\n\t\t<\/section>\n\t\t\t\t<section class=\"elementor-section elementor-top-section elementor-element elementor-element-5ef8dff elementor-section-full_width elementor-section-height-default elementor-section-height-default\" data-id=\"5ef8dff\" data-element_type=\"section\" data-e-type=\"section\">\n\t\t\t\t\t\t<div class=\"elementor-container elementor-column-gap-no\">\n\t\t\t\t\t<div class=\"elementor-column elementor-col-100 elementor-top-column elementor-element elementor-element-810931a\" data-id=\"810931a\" data-element_type=\"column\" data-e-type=\"column\">\n\t\t\t<div class=\"elementor-widget-wrap elementor-element-populated\">\n\t\t\t\t\t\t<div class=\"elementor-element elementor-element-51ab1b1 elementor-widget elementor-widget-template\" data-id=\"51ab1b1\" data-element_type=\"widget\" data-e-type=\"widget\" data-settings=\"{&quot;ekit_we_effect_on&quot;:&quot;none&quot;}\" data-widget_type=\"template.default\">\n\t\t\t\t<div class=\"elementor-widget-container\">\n\t\t\t\t\t\t\t<div class=\"elementor-template\">\n\t\t\t\t\t<div data-elementor-type=\"section\" data-elementor-id=\"448\" class=\"elementor elementor-448 elementor-434 elementor-434\" data-elementor-post-type=\"elementor_library\">\n\t\t\t\t\t<section class=\"elementor-section elementor-top-section elementor-element elementor-element-a2efb95 elementor-section-boxed elementor-section-height-default elementor-section-height-default\" data-id=\"a2efb95\" data-element_type=\"section\" data-e-type=\"section\">\n\t\t\t\t\t\t<div class=\"elementor-container elementor-column-gap-default\">\n\t\t\t\t\t<div class=\"elementor-column elementor-col-50 elementor-top-column elementor-element elementor-element-ce9dc7f\" data-id=\"ce9dc7f\" data-element_type=\"column\" data-e-type=\"column\">\n\t\t\t<div class=\"elementor-widget-wrap elementor-element-populated\">\n\t\t\t\t\t\t<div class=\"elementor-element elementor-element-9b3586d elementor-widget elementor-widget-heading\" data-id=\"9b3586d\" data-element_type=\"widget\" data-e-type=\"widget\" data-settings=\"{&quot;ekit_we_effect_on&quot;:&quot;none&quot;}\" data-widget_type=\"heading.default\">\n\t\t\t\t\t<h2 class=\"elementor-heading-title elementor-size-default\">Sie brauchen Hilfe?<\/h2>\t\t\t\t<\/div>\n\t\t\t\t<div class=\"elementor-element elementor-element-09d7c63 elementor-widget elementor-widget-text-editor\" data-id=\"09d7c63\" data-element_type=\"widget\" data-e-type=\"widget\" data-settings=\"{&quot;ekit_we_effect_on&quot;:&quot;none&quot;}\" data-widget_type=\"text-editor.default\">\n\t\t\t\t\t\t\t\t\t<p>Sie haben Fragen zu unseren Produkten, zur Anwendung oder Logistik? Ob telefonisch oder per Email, wir k\u00fcmmern uns gerne um Ihre Anliegen!<\/p>\n\t\t\t\t\t\t\t\t<\/div>\n\t\t\t\t\t<\/div>\n\t\t<\/div>\n\t\t\t\t<div class=\"elementor-column elementor-col-50 elementor-top-column elementor-element elementor-element-f755333\" data-id=\"f755333\" data-element_type=\"column\" data-e-type=\"column\">\n\t\t\t<div class=\"elementor-widget-wrap elementor-element-populated\">\n\t\t\t\t\t\t<div class=\"elementor-element elementor-element-9d115b4 elementor-align-center elementor-mobile-align-left elementor-widget elementor-widget-button\" data-id=\"9d115b4\" data-element_type=\"widget\" data-e-type=\"widget\" data-settings=\"{&quot;ekit_we_effect_on&quot;:&quot;none&quot;}\" data-widget_type=\"button.default\">\n\t\t\t\t\t\t\t\t\t\t<a class=\"elementor-button elementor-button-link elementor-size-sm\" href=\"https:\/\/www.building-drainage.com\/de\/kontakte\/\">\n\t\t\t\t\t\t<span class=\"elementor-button-content-wrapper\">\n\t\t\t\t\t\t\t\t\t<span class=\"elementor-button-text\">Kontakt<\/span>\n\t\t\t\t\t<\/span>\n\t\t\t\t\t<\/a>\n\t\t\t\t\t\t\t\t<\/div>\n\t\t\t\t\t<\/div>\n\t\t<\/div>\n\t\t\t\t\t<\/div>\n\t\t<\/section>\n\t\t\t\t<\/div>\n\t\t\t\t<\/div>\n\t\t\t\t\t\t<\/div>\n\t\t\t\t<\/div>\n\t\t\t\t\t<\/div>\n\t\t<\/div>\n\t\t\t\t\t<\/div>\n\t\t<\/section>\n\t\t\t\t<\/div>\n\t\t","protected":false},"excerpt":{"rendered":"<p>Unser Datenpaket f\u00fcr Ihre Ausschreibung! Die ABK Bausoftware umfasst praxisorientierte L\u00f6sungen f\u00fcr die Bereiche BIM, AVA, Projekt- und Kostenmanagement, Rechnungswesen sowie f\u00fcr die gesamte B\u00fcroorganisation und unterst\u00fctzt alle im Bauwesen beteiligten Akteure \u2013 von Bauherren und \u00f6ffentlichen Auftraggebern \u00fcber Planer und Bautechniker bis hin zu ausf\u00fchrenden Unternehmen. Link zur Haustechnik (SML, KML) Link zur Infrastruktur [&hellip;]<\/p>\n","protected":false},"author":5,"featured_media":0,"parent":2833,"menu_order":160,"comment_status":"closed","ping_status":"closed","template":"elementor_header_footer","meta":{"footnotes":""},"class_list":["post-4538","page","type-page","status-publish","hentry"],"yoast_head":"<!-- This site is optimized with the Yoast SEO plugin v27.3 - https:\/\/yoast.com\/product\/yoast-seo-wordpress\/ -->\n<title>Planungsdaten - PREIS Group Drainage Systems<\/title>\n<meta name=\"description\" content=\"Mit unserem Produktionsstandort in Kroatien und unserer Logistik im Herzen Europas in \u00d6sterreich sind wir sowohl in der Produktion als auch in der Logistik flexibel.\" \/>\n<meta name=\"robots\" content=\"index, follow, max-snippet:-1, max-image-preview:large, max-video-preview:-1\" \/>\n<link rel=\"canonical\" href=\"https:\/\/www.building-drainage.com\/de\/services\/planungsdaten\/\" \/>\n<meta property=\"og:locale\" content=\"de_DE\" \/>\n<meta property=\"og:type\" content=\"article\" \/>\n<meta property=\"og:title\" content=\"Planungsdaten - PREIS Group Drainage Systems\" \/>\n<meta property=\"og:description\" content=\"Mit unserem Produktionsstandort in Kroatien und unserer Logistik im Herzen Europas in \u00d6sterreich sind wir sowohl in der Produktion als auch in der Logistik flexibel.\" \/>\n<meta property=\"og:url\" content=\"https:\/\/www.building-drainage.com\/de\/services\/planungsdaten\/\" \/>\n<meta property=\"og:site_name\" content=\"PREIS Group Drainage Systems\" \/>\n<meta property=\"article:modified_time\" content=\"2022-06-08T12:31:57+00:00\" \/>\n<meta property=\"og:image\" content=\"https:\/\/www.building-drainage.com\/wp-content\/uploads\/2022\/06\/ABK.jpg\" \/>\n<meta name=\"twitter:card\" content=\"summary_large_image\" \/>\n<meta name=\"twitter:label1\" content=\"Gesch\u00e4tzte Lesezeit\" \/>\n\t<meta name=\"twitter:data1\" content=\"2\u00a0Minuten\" \/>\n<script type=\"application\/ld+json\" class=\"yoast-schema-graph\">{\"@context\":\"https:\\\/\\\/schema.org\",\"@graph\":[{\"@type\":\"WebPage\",\"@id\":\"https:\\\/\\\/www.building-drainage.com\\\/de\\\/services\\\/planungsdaten\\\/\",\"url\":\"https:\\\/\\\/www.building-drainage.com\\\/de\\\/services\\\/planungsdaten\\\/\",\"name\":\"Planungsdaten - PREIS Group Drainage Systems\",\"isPartOf\":{\"@id\":\"https:\\\/\\\/www.building-drainage.com\\\/de\\\/#website\"},\"primaryImageOfPage\":{\"@id\":\"https:\\\/\\\/www.building-drainage.com\\\/de\\\/services\\\/planungsdaten\\\/#primaryimage\"},\"image\":{\"@id\":\"https:\\\/\\\/www.building-drainage.com\\\/de\\\/services\\\/planungsdaten\\\/#primaryimage\"},\"thumbnailUrl\":\"https:\\\/\\\/www.building-drainage.com\\\/wp-content\\\/uploads\\\/2022\\\/06\\\/ABK.jpg\",\"datePublished\":\"2022-06-07T12:35:52+00:00\",\"dateModified\":\"2022-06-08T12:31:57+00:00\",\"description\":\"Mit unserem Produktionsstandort in Kroatien und unserer Logistik im Herzen Europas in \u00d6sterreich sind wir sowohl in der Produktion als auch in der Logistik flexibel.\",\"breadcrumb\":{\"@id\":\"https:\\\/\\\/www.building-drainage.com\\\/de\\\/services\\\/planungsdaten\\\/#breadcrumb\"},\"inLanguage\":\"de\",\"potentialAction\":[{\"@type\":\"ReadAction\",\"target\":[\"https:\\\/\\\/www.building-drainage.com\\\/de\\\/services\\\/planungsdaten\\\/\"]}]},{\"@type\":\"ImageObject\",\"inLanguage\":\"de\",\"@id\":\"https:\\\/\\\/www.building-drainage.com\\\/de\\\/services\\\/planungsdaten\\\/#primaryimage\",\"url\":\"https:\\\/\\\/www.building-drainage.com\\\/wp-content\\\/uploads\\\/2022\\\/06\\\/ABK.jpg\",\"contentUrl\":\"https:\\\/\\\/www.building-drainage.com\\\/wp-content\\\/uploads\\\/2022\\\/06\\\/ABK.jpg\"},{\"@type\":\"BreadcrumbList\",\"@id\":\"https:\\\/\\\/www.building-drainage.com\\\/de\\\/services\\\/planungsdaten\\\/#breadcrumb\",\"itemListElement\":[{\"@type\":\"ListItem\",\"position\":1,\"name\":\"Startseite\",\"item\":\"https:\\\/\\\/www.building-drainage.com\\\/de\\\/\"},{\"@type\":\"ListItem\",\"position\":2,\"name\":\"Services\",\"item\":\"https:\\\/\\\/www.building-drainage.com\\\/de\\\/services\\\/\"},{\"@type\":\"ListItem\",\"position\":3,\"name\":\"Planungsdaten\"}]},{\"@type\":\"WebSite\",\"@id\":\"https:\\\/\\\/www.building-drainage.com\\\/de\\\/#website\",\"url\":\"https:\\\/\\\/www.building-drainage.com\\\/de\\\/\",\"name\":\"PREIS Group Drainage Systems\",\"description\":\"Cast iron Drainage by professionals\",\"publisher\":{\"@id\":\"https:\\\/\\\/www.building-drainage.com\\\/de\\\/#organization\"},\"potentialAction\":[{\"@type\":\"SearchAction\",\"target\":{\"@type\":\"EntryPoint\",\"urlTemplate\":\"https:\\\/\\\/www.building-drainage.com\\\/de\\\/?s={search_term_string}\"},\"query-input\":{\"@type\":\"PropertyValueSpecification\",\"valueRequired\":true,\"valueName\":\"search_term_string\"}}],\"inLanguage\":\"de\"},{\"@type\":\"Organization\",\"@id\":\"https:\\\/\\\/www.building-drainage.com\\\/de\\\/#organization\",\"name\":\"PREIS Group Drainage Systems\",\"url\":\"https:\\\/\\\/www.building-drainage.com\\\/de\\\/\",\"logo\":{\"@type\":\"ImageObject\",\"inLanguage\":\"de\",\"@id\":\"https:\\\/\\\/www.building-drainage.com\\\/de\\\/#\\\/schema\\\/logo\\\/image\\\/\",\"url\":\"https:\\\/\\\/www.building-drainage.com\\\/wp-content\\\/uploads\\\/2021\\\/09\\\/preis-ds-logo.png\",\"contentUrl\":\"https:\\\/\\\/www.building-drainage.com\\\/wp-content\\\/uploads\\\/2021\\\/09\\\/preis-ds-logo.png\",\"width\":500,\"height\":127,\"caption\":\"PREIS Group Drainage Systems\"},\"image\":{\"@id\":\"https:\\\/\\\/www.building-drainage.com\\\/de\\\/#\\\/schema\\\/logo\\\/image\\\/\"}}]}<\/script>\n<!-- \/ Yoast SEO plugin. -->","yoast_head_json":{"title":"Planungsdaten - PREIS Group Drainage Systems","description":"Mit unserem Produktionsstandort in Kroatien und unserer Logistik im Herzen Europas in \u00d6sterreich sind wir sowohl in der Produktion als auch in der Logistik flexibel.","robots":{"index":"index","follow":"follow","max-snippet":"max-snippet:-1","max-image-preview":"max-image-preview:large","max-video-preview":"max-video-preview:-1"},"canonical":"https:\/\/www.building-drainage.com\/de\/services\/planungsdaten\/","og_locale":"de_DE","og_type":"article","og_title":"Planungsdaten - PREIS Group Drainage Systems","og_description":"Mit unserem Produktionsstandort in Kroatien und unserer Logistik im Herzen Europas in \u00d6sterreich sind wir sowohl in der Produktion als auch in der Logistik flexibel.","og_url":"https:\/\/www.building-drainage.com\/de\/services\/planungsdaten\/","og_site_name":"PREIS Group Drainage Systems","article_modified_time":"2022-06-08T12:31:57+00:00","og_image":[{"url":"https:\/\/www.building-drainage.com\/wp-content\/uploads\/2022\/06\/ABK.jpg","type":"","width":"","height":""}],"twitter_card":"summary_large_image","twitter_misc":{"Gesch\u00e4tzte Lesezeit":"2\u00a0Minuten"},"schema":{"@context":"https:\/\/schema.org","@graph":[{"@type":"WebPage","@id":"https:\/\/www.building-drainage.com\/de\/services\/planungsdaten\/","url":"https:\/\/www.building-drainage.com\/de\/services\/planungsdaten\/","name":"Planungsdaten - PREIS Group Drainage Systems","isPartOf":{"@id":"https:\/\/www.building-drainage.com\/de\/#website"},"primaryImageOfPage":{"@id":"https:\/\/www.building-drainage.com\/de\/services\/planungsdaten\/#primaryimage"},"image":{"@id":"https:\/\/www.building-drainage.com\/de\/services\/planungsdaten\/#primaryimage"},"thumbnailUrl":"https:\/\/www.building-drainage.com\/wp-content\/uploads\/2022\/06\/ABK.jpg","datePublished":"2022-06-07T12:35:52+00:00","dateModified":"2022-06-08T12:31:57+00:00","description":"Mit unserem Produktionsstandort in Kroatien und unserer Logistik im Herzen Europas in \u00d6sterreich sind wir sowohl in der Produktion als auch in der Logistik flexibel.","breadcrumb":{"@id":"https:\/\/www.building-drainage.com\/de\/services\/planungsdaten\/#breadcrumb"},"inLanguage":"de","potentialAction":[{"@type":"ReadAction","target":["https:\/\/www.building-drainage.com\/de\/services\/planungsdaten\/"]}]},{"@type":"ImageObject","inLanguage":"de","@id":"https:\/\/www.building-drainage.com\/de\/services\/planungsdaten\/#primaryimage","url":"https:\/\/www.building-drainage.com\/wp-content\/uploads\/2022\/06\/ABK.jpg","contentUrl":"https:\/\/www.building-drainage.com\/wp-content\/uploads\/2022\/06\/ABK.jpg"},{"@type":"BreadcrumbList","@id":"https:\/\/www.building-drainage.com\/de\/services\/planungsdaten\/#breadcrumb","itemListElement":[{"@type":"ListItem","position":1,"name":"Startseite","item":"https:\/\/www.building-drainage.com\/de\/"},{"@type":"ListItem","position":2,"name":"Services","item":"https:\/\/www.building-drainage.com\/de\/services\/"},{"@type":"ListItem","position":3,"name":"Planungsdaten"}]},{"@type":"WebSite","@id":"https:\/\/www.building-drainage.com\/de\/#website","url":"https:\/\/www.building-drainage.com\/de\/","name":"PREIS Group Drainage Systems","description":"Cast iron Drainage by professionals","publisher":{"@id":"https:\/\/www.building-drainage.com\/de\/#organization"},"potentialAction":[{"@type":"SearchAction","target":{"@type":"EntryPoint","urlTemplate":"https:\/\/www.building-drainage.com\/de\/?s={search_term_string}"},"query-input":{"@type":"PropertyValueSpecification","valueRequired":true,"valueName":"search_term_string"}}],"inLanguage":"de"},{"@type":"Organization","@id":"https:\/\/www.building-drainage.com\/de\/#organization","name":"PREIS Group Drainage Systems","url":"https:\/\/www.building-drainage.com\/de\/","logo":{"@type":"ImageObject","inLanguage":"de","@id":"https:\/\/www.building-drainage.com\/de\/#\/schema\/logo\/image\/","url":"https:\/\/www.building-drainage.com\/wp-content\/uploads\/2021\/09\/preis-ds-logo.png","contentUrl":"https:\/\/www.building-drainage.com\/wp-content\/uploads\/2021\/09\/preis-ds-logo.png","width":500,"height":127,"caption":"PREIS Group Drainage Systems"},"image":{"@id":"https:\/\/www.building-drainage.com\/de\/#\/schema\/logo\/image\/"}}]}},"_links":{"self":[{"href":"https:\/\/www.building-drainage.com\/de\/wp-json\/wp\/v2\/pages\/4538","targetHints":{"allow":["GET"]}}],"collection":[{"href":"https:\/\/www.building-drainage.com\/de\/wp-json\/wp\/v2\/pages"}],"about":[{"href":"https:\/\/www.building-drainage.com\/de\/wp-json\/wp\/v2\/types\/page"}],"author":[{"embeddable":true,"href":"https:\/\/www.building-drainage.com\/de\/wp-json\/wp\/v2\/users\/5"}],"replies":[{"embeddable":true,"href":"https:\/\/www.building-drainage.com\/de\/wp-json\/wp\/v2\/comments?post=4538"}],"version-history":[{"count":14,"href":"https:\/\/www.building-drainage.com\/de\/wp-json\/wp\/v2\/pages\/4538\/revisions"}],"predecessor-version":[{"id":4560,"href":"https:\/\/www.building-drainage.com\/de\/wp-json\/wp\/v2\/pages\/4538\/revisions\/4560"}],"up":[{"embeddable":true,"href":"https:\/\/www.building-drainage.com\/de\/wp-json\/wp\/v2\/pages\/2833"}],"wp:attachment":[{"href":"https:\/\/www.building-drainage.com\/de\/wp-json\/wp\/v2\/media?parent=4538"}],"curies":[{"name":"wp","href":"https:\/\/api.w.org\/{rel}","templated":true}]}}